{"id":15,"date":"2021-11-09T20:28:51","date_gmt":"2021-11-09T19:28:51","guid":{"rendered":"https:\/\/pomoc.przedszkole.app\/?page_id=15"},"modified":"2022-11-02T20:39:06","modified_gmt":"2022-11-02T19:39:06","slug":"centrum-pomocy","status":"publish","type":"page","link":"https:\/\/pomoc.przedszkole.app\/","title":{"rendered":"Centrum pomocy"},"content":{"rendered":"\n<p>Witaj! <\/p>\n\n\n\n<p>Na tej stronie publikujemy wszelkie materia\u0142y, kt\u00f3re u\u0142atwi\u0105 Ci korzystanie z aplikacji Przedszkole App.<\/p>\n\n\n\n<p>Je\u015bli nie znajdziesz tutaj pomocnego artyku\u0142u &#8211; napisz do nas na pomoc@przedszkole.app. Na pewno Ci pomo\u017cemy!<\/p>\n","protected":false},"excerpt":{"rendered":"<p>Witaj! Na tej stronie publikujemy wszelkie materia\u0142y, kt\u00f3re u\u0142atwi\u0105 Ci korzystanie z aplikacji Przedszkole App. Je\u015bli nie znajdziesz tutaj pomocnego artyku\u0142u &#8211; napisz do nas na pomoc@przedszkole.app. Na pewno Ci pomo\u017cemy!<\/p>\n","protected":false},"author":1,"featured_media":0,"parent":0,"menu_order":0,"comment_status":"closed","ping_status":"closed","template":"","meta":{"_coblocks_attr":"","_coblocks_dimensions":"","_coblocks_responsive_height":"","_coblocks_accordion_ie_support":"","hide_page_title":"","footnotes":""},"class_list":["post-15","page","type-page","status-publish","hentry"],"_links":{"self":[{"href":"https:\/\/pomoc.przedszkole.app\/index.php\/wp-json\/wp\/v2\/pages\/15","targetHints":{"allow":["GET"]}}],"collection":[{"href":"https:\/\/pomoc.przedszkole.app\/index.php\/wp-json\/wp\/v2\/pages"}],"about":[{"href":"https:\/\/pomoc.przedszkole.app\/index.php\/wp-json\/wp\/v2\/types\/page"}],"author":[{"embeddable":true,"href":"https:\/\/pomoc.przedszkole.app\/index.php\/wp-json\/wp\/v2\/users\/1"}],"replies":[{"embeddable":true,"href":"https:\/\/pomoc.przedszkole.app\/index.php\/wp-json\/wp\/v2\/comments?post=15"}],"version-history":[{"count":3,"href":"https:\/\/pomoc.przedszkole.app\/index.php\/wp-json\/wp\/v2\/pages\/15\/revisions"}],"predecessor-version":[{"id":82,"href":"https:\/\/pomoc.przedszkole.app\/index.php\/wp-json\/wp\/v2\/pages\/15\/revisions\/82"}],"wp:attachment":[{"href":"https:\/\/pomoc.przedszkole.app\/index.php\/wp-json\/wp\/v2\/media?parent=15"}],"curies":[{"name":"wp","href":"https:\/\/api.w.org\/{rel}","templated":true}]}}